{"id":467,"date":"2022-01-28T20:39:15","date_gmt":"2022-01-28T23:39:15","guid":{"rendered":"https:\/\/gas-daxin.com\/?page_id=467"},"modified":"2025-03-19T17:56:37","modified_gmt":"2025-03-19T20:56:37","slug":"ma","status":"publish","type":"page","link":"https:\/\/gas-daxin.com\/en\/servicos-gas\/ma\/","title":{"rendered":"Prepara\u00e7\u00e3o para M&#038;A"},"content":{"rendered":"","protected":false},"excerpt":{"rendered":"","protected":false},"author":1,"featured_media":0,"parent":237,"menu_order":5,"comment_status":"closed","ping_status":"closed","template":"","meta":{"_monsterinsights_skip_tracking":false,"_monsterinsights_sitenote_active":false,"_monsterinsights_sitenote_note":"","_monsterinsights_sitenote_category":0,"footnotes":""},"class_list":["post-467","page","type-page","status-publish","hentry"],"acf":[],"yoast_head":"<!-- This site is optimized with the Yoast SEO plugin v25.3.1 - https:\/\/yoast.com\/wordpress\/plugins\/seo\/ -->\n<title>Prepara\u00e7\u00e3o para M&amp;A - GAS-Daxin Global<\/title>\n<meta name=\"description\" content=\"Para atrair investidores e ou compradores para a sua empresa, n\u00e3o basta um bom networking. \u00c9 necess\u00e1rio ter \u201c a casa arrumada\u201d. %\" \/>\n<meta name=\"robots\" content=\"index, follow, max-snippet:-1, max-image-preview:large, max-video-preview:-1\" \/>\n<link rel=\"canonical\" href=\"https:\/\/gas-daxin.com\/en\/servicos-gas\/ma\/\" \/>\n<meta property=\"og:locale\" content=\"en_US\" \/>\n<meta property=\"og:type\" content=\"article\" \/>\n<meta property=\"og:title\" content=\"Prepara\u00e7\u00e3o para M&amp;A - GAS-Daxin Global\" \/>\n<meta property=\"og:description\" content=\"Para atrair investidores e ou compradores para a sua empresa, n\u00e3o basta um bom networking. \u00c9 necess\u00e1rio ter \u201c a casa arrumada\u201d. %\" \/>\n<meta property=\"og:url\" content=\"https:\/\/gas-daxin.com\/en\/servicos-gas\/ma\/\" \/>\n<meta property=\"og:site_name\" content=\"GAS-Daxin Global\" \/>\n<meta property=\"article:publisher\" content=\"https:\/\/www.facebook.com\/gasconsultingtax\/\" \/>\n<meta property=\"article:modified_time\" content=\"2025-03-19T20:56:37+00:00\" \/>\n<meta name=\"twitter:card\" content=\"summary_large_image\" \/>\n<script type=\"application\/ld+json\" class=\"yoast-schema-graph\">{\"@context\":\"https:\/\/schema.org\",\"@graph\":[{\"@type\":\"WebPage\",\"@id\":\"https:\/\/gas-daxin.com\/servicos-gas\/ma\/\",\"url\":\"https:\/\/gas-daxin.com\/servicos-gas\/ma\/\",\"name\":\"Prepara\u00e7\u00e3o para M&A - GAS-Daxin Global\",\"isPartOf\":{\"@id\":\"https:\/\/gas-daxin.com\/#website\"},\"datePublished\":\"2022-01-28T23:39:15+00:00\",\"dateModified\":\"2025-03-19T20:56:37+00:00\",\"description\":\"Para atrair investidores e ou compradores para a sua empresa, n\u00e3o basta um bom networking. \u00c9 necess\u00e1rio ter \u201c a casa arrumada\u201d. %\",\"breadcrumb\":{\"@id\":\"https:\/\/gas-daxin.com\/servicos-gas\/ma\/#breadcrumb\"},\"inLanguage\":\"en-US\",\"potentialAction\":[{\"@type\":\"ReadAction\",\"target\":[\"https:\/\/gas-daxin.com\/servicos-gas\/ma\/\"]}]},{\"@type\":\"BreadcrumbList\",\"@id\":\"https:\/\/gas-daxin.com\/servicos-gas\/ma\/#breadcrumb\",\"itemListElement\":[{\"@type\":\"ListItem\",\"position\":1,\"name\":\"In\u00edcio\",\"item\":\"https:\/\/gas-daxin.com\/\"},{\"@type\":\"ListItem\",\"position\":2,\"name\":\"Servi\u00e7os\",\"item\":\"https:\/\/gas-daxin.com\/servicos-gas\/\"},{\"@type\":\"ListItem\",\"position\":3,\"name\":\"Prepara\u00e7\u00e3o para M&#038;A\"}]},{\"@type\":\"WebSite\",\"@id\":\"https:\/\/gas-daxin.com\/#website\",\"url\":\"https:\/\/gas-daxin.com\/\",\"name\":\"GAS-Daxin Global\",\"description\":\"-\",\"publisher\":{\"@id\":\"https:\/\/gas-daxin.com\/#organization\"},\"potentialAction\":[{\"@type\":\"SearchAction\",\"target\":{\"@type\":\"EntryPoint\",\"urlTemplate\":\"https:\/\/gas-daxin.com\/?s={search_term_string}\"},\"query-input\":{\"@type\":\"PropertyValueSpecification\",\"valueRequired\":true,\"valueName\":\"search_term_string\"}}],\"inLanguage\":\"en-US\"},{\"@type\":\"Organization\",\"@id\":\"https:\/\/gas-daxin.com\/#organization\",\"name\":\"Gas Consulting\",\"url\":\"https:\/\/gas-daxin.com\/\",\"logo\":{\"@type\":\"ImageObject\",\"inLanguage\":\"en-US\",\"@id\":\"https:\/\/gas-daxin.com\/#\/schema\/logo\/image\/\",\"url\":\"https:\/\/gas-daxin.com\/wp-content\/uploads\/2022\/03\/gas-an-unique-methodology.png\",\"contentUrl\":\"https:\/\/gas-daxin.com\/wp-content\/uploads\/2022\/03\/gas-an-unique-methodology.png\",\"width\":500,\"height\":266,\"caption\":\"Gas Consulting\"},\"image\":{\"@id\":\"https:\/\/gas-daxin.com\/#\/schema\/logo\/image\/\"},\"sameAs\":[\"https:\/\/www.facebook.com\/gasconsultingtax\/\",\"https:\/\/www.instagram.com\/gas_consulting\/\",\"https:\/\/www.linkedin.com\/company\/gas---global-accounting-services\/about\/\",\"https:\/\/www.youtube.com\/channel\/UCihn3ixA_Vt5J5AWqDJH2EA\"]}]}<\/script>\n<!-- \/ Yoast SEO plugin. -->","yoast_head_json":{"title":"Prepara\u00e7\u00e3o para M&A - GAS-Daxin Global","description":"Para atrair investidores e ou compradores para a sua empresa, n\u00e3o basta um bom networking. \u00c9 necess\u00e1rio ter \u201c a casa arrumada\u201d. %","robots":{"index":"index","follow":"follow","max-snippet":"max-snippet:-1","max-image-preview":"max-image-preview:large","max-video-preview":"max-video-preview:-1"},"canonical":"https:\/\/gas-daxin.com\/en\/servicos-gas\/ma\/","og_locale":"en_US","og_type":"article","og_title":"Prepara\u00e7\u00e3o para M&A - GAS-Daxin Global","og_description":"Para atrair investidores e ou compradores para a sua empresa, n\u00e3o basta um bom networking. \u00c9 necess\u00e1rio ter \u201c a casa arrumada\u201d. %","og_url":"https:\/\/gas-daxin.com\/en\/servicos-gas\/ma\/","og_site_name":"GAS-Daxin Global","article_publisher":"https:\/\/www.facebook.com\/gasconsultingtax\/","article_modified_time":"2025-03-19T20:56:37+00:00","twitter_card":"summary_large_image","schema":{"@context":"https:\/\/schema.org","@graph":[{"@type":"WebPage","@id":"https:\/\/gas-daxin.com\/servicos-gas\/ma\/","url":"https:\/\/gas-daxin.com\/servicos-gas\/ma\/","name":"Prepara\u00e7\u00e3o para M&A - GAS-Daxin Global","isPartOf":{"@id":"https:\/\/gas-daxin.com\/#website"},"datePublished":"2022-01-28T23:39:15+00:00","dateModified":"2025-03-19T20:56:37+00:00","description":"Para atrair investidores e ou compradores para a sua empresa, n\u00e3o basta um bom networking. \u00c9 necess\u00e1rio ter \u201c a casa arrumada\u201d. %","breadcrumb":{"@id":"https:\/\/gas-daxin.com\/servicos-gas\/ma\/#breadcrumb"},"inLanguage":"en-US","potentialAction":[{"@type":"ReadAction","target":["https:\/\/gas-daxin.com\/servicos-gas\/ma\/"]}]},{"@type":"BreadcrumbList","@id":"https:\/\/gas-daxin.com\/servicos-gas\/ma\/#breadcrumb","itemListElement":[{"@type":"ListItem","position":1,"name":"In\u00edcio","item":"https:\/\/gas-daxin.com\/"},{"@type":"ListItem","position":2,"name":"Servi\u00e7os","item":"https:\/\/gas-daxin.com\/servicos-gas\/"},{"@type":"ListItem","position":3,"name":"Prepara\u00e7\u00e3o para M&#038;A"}]},{"@type":"WebSite","@id":"https:\/\/gas-daxin.com\/#website","url":"https:\/\/gas-daxin.com\/","name":"GAS-Daxin Global","description":"-","publisher":{"@id":"https:\/\/gas-daxin.com\/#organization"},"potentialAction":[{"@type":"SearchAction","target":{"@type":"EntryPoint","urlTemplate":"https:\/\/gas-daxin.com\/?s={search_term_string}"},"query-input":{"@type":"PropertyValueSpecification","valueRequired":true,"valueName":"search_term_string"}}],"inLanguage":"en-US"},{"@type":"Organization","@id":"https:\/\/gas-daxin.com\/#organization","name":"Gas Consulting","url":"https:\/\/gas-daxin.com\/","logo":{"@type":"ImageObject","inLanguage":"en-US","@id":"https:\/\/gas-daxin.com\/#\/schema\/logo\/image\/","url":"https:\/\/gas-daxin.com\/wp-content\/uploads\/2022\/03\/gas-an-unique-methodology.png","contentUrl":"https:\/\/gas-daxin.com\/wp-content\/uploads\/2022\/03\/gas-an-unique-methodology.png","width":500,"height":266,"caption":"Gas Consulting"},"image":{"@id":"https:\/\/gas-daxin.com\/#\/schema\/logo\/image\/"},"sameAs":["https:\/\/www.facebook.com\/gasconsultingtax\/","https:\/\/www.instagram.com\/gas_consulting\/","https:\/\/www.linkedin.com\/company\/gas---global-accounting-services\/about\/","https:\/\/www.youtube.com\/channel\/UCihn3ixA_Vt5J5AWqDJH2EA"]}]}},"_links":{"self":[{"href":"https:\/\/gas-daxin.com\/en\/wp-json\/wp\/v2\/pages\/467","targetHints":{"allow":["GET"]}}],"collection":[{"href":"https:\/\/gas-daxin.com\/en\/wp-json\/wp\/v2\/pages"}],"about":[{"href":"https:\/\/gas-daxin.com\/en\/wp-json\/wp\/v2\/types\/page"}],"author":[{"embeddable":true,"href":"https:\/\/gas-daxin.com\/en\/wp-json\/wp\/v2\/users\/1"}],"replies":[{"embeddable":true,"href":"https:\/\/gas-daxin.com\/en\/wp-json\/wp\/v2\/comments?post=467"}],"version-history":[{"count":11,"href":"https:\/\/gas-daxin.com\/en\/wp-json\/wp\/v2\/pages\/467\/revisions"}],"predecessor-version":[{"id":1575,"href":"https:\/\/gas-daxin.com\/en\/wp-json\/wp\/v2\/pages\/467\/revisions\/1575"}],"up":[{"embeddable":true,"href":"https:\/\/gas-daxin.com\/en\/wp-json\/wp\/v2\/pages\/237"}],"wp:attachment":[{"href":"https:\/\/gas-daxin.com\/en\/wp-json\/wp\/v2\/media?parent=467"}],"curies":[{"name":"wp","href":"https:\/\/api.w.org\/{rel}","templated":true}]}}